{"id":8324,"date":"2018-10-31T10:32:18","date_gmt":"2018-10-31T10:32:18","guid":{"rendered":"http:\/\/sp2bytow.home.pl\/autoinstalator\/wordpress\/?page_id=8324"},"modified":"2025-10-01T06:15:16","modified_gmt":"2025-10-01T06:15:16","slug":"egzamin-osmoklasisty","status":"publish","type":"page","link":"https:\/\/sp2bytow.pl\/?page_id=8324","title":{"rendered":"Egzamin \u00f3smoklasisty"},"content":{"rendered":"<h2>Egzamin \u00f3smoklasisty w roku szkolnym 2025\/2026 odb\u0119dzie si\u0119 w dniach<\/h2>\n<ul>\n<li>11 maja 2026r. (poniedzia\u0142ek) \u2013 egzamin z j\u0119zyka polskiego,<\/li>\n<li>12 maja 2026r. (wtorek) \u2013 egzamin z matematyki,<\/li>\n<li>13 maja 2026r.\u00a0 (\u015broda) \u2013 egzamin z j\u0119zyka obcego nowo\u017cytnego.<\/li>\n<\/ul>\n<p>W tym roku do egzaminu przyst\u0119puje 93 uczni\u00f3w z 4 klas 8.<\/p>\n<p>Szczeg\u00f3\u0142owe informacje o zasadach przeprowadzania egzaminu \u00f3smoklasisty s\u0105 dost\u0119pne na stronie internetowej CKE:<\/p>\n<blockquote class=\"wp-embedded-content\" data-secret=\"UBmgq7iI2a\"><p><a href=\"https:\/\/cke.gov.pl\/egzamin-osmoklasisty\/harmonogram-komunikaty-i-informacje\/\">Harmonogram, komunikaty i informacje<\/a><\/p><\/blockquote>\n<p><iframe loading=\"lazy\" class=\"wp-embedded-content\" sandbox=\"allow-scripts\" security=\"restricted\" style=\"position: absolute; visibility: hidden;\" title=\"&#8222;Harmonogram, komunikaty i informacje&#8221; &#8212; CKE\" src=\"https:\/\/cke.gov.pl\/egzamin-osmoklasisty\/harmonogram-komunikaty-i-informacje\/embed\/#?secret=na9yjIuC9i#?secret=UBmgq7iI2a\" data-secret=\"UBmgq7iI2a\" width=\"600\" height=\"338\" frameborder=\"0\" marginwidth=\"0\" marginheight=\"0\" scrolling=\"no\"><\/iframe><\/p>\n<p>&nbsp;<\/p>\n<p><strong>Dni te s\u0105 wolne od zaj\u0119\u0107 dydaktycznych.<\/strong><\/p>\n","protected":false},"excerpt":{"rendered":"<p>Egzamin \u00f3smoklasisty w roku szkolnym 2025\/2026 odb\u0119dzie si\u0119 w dniach 11 maja 2026r. (poniedzia\u0142ek) \u2013 egzamin z j\u0119zyka polskiego, 12 maja 2026r. (wtorek) \u2013 egzamin z matematyki, 13 maja 2026r.\u00a0 (\u015broda) \u2013 egzamin z j\u0119zyka obcego nowo\u017cytnego. W tym roku do egzaminu przyst\u0119puje 93 uczni\u00f3w z 4 klas 8. Szczeg\u00f3\u0142owe informacje o zasadach przeprowadzania egzaminu [&hellip;]<\/p>\n","protected":false},"author":4,"featured_media":0,"parent":0,"menu_order":0,"comment_status":"closed","ping_status":"closed","template":"","meta":{"ngg_post_thumbnail":0,"footnotes":""},"class_list":["post-8324","page","type-page","status-publish","hentry"],"_links":{"self":[{"href":"https:\/\/sp2bytow.pl\/index.php?rest_route=\/wp\/v2\/pages\/8324","targetHints":{"allow":["GET"]}}],"collection":[{"href":"https:\/\/sp2bytow.pl\/index.php?rest_route=\/wp\/v2\/pages"}],"about":[{"href":"https:\/\/sp2bytow.pl\/index.php?rest_route=\/wp\/v2\/types\/page"}],"author":[{"embeddable":true,"href":"https:\/\/sp2bytow.pl\/index.php?rest_route=\/wp\/v2\/users\/4"}],"replies":[{"embeddable":true,"href":"https:\/\/sp2bytow.pl\/index.php?rest_route=%2Fwp%2Fv2%2Fcomments&post=8324"}],"version-history":[{"count":13,"href":"https:\/\/sp2bytow.pl\/index.php?rest_route=\/wp\/v2\/pages\/8324\/revisions"}],"predecessor-version":[{"id":22684,"href":"https:\/\/sp2bytow.pl\/index.php?rest_route=\/wp\/v2\/pages\/8324\/revisions\/22684"}],"wp:attachment":[{"href":"https:\/\/sp2bytow.pl\/index.php?rest_route=%2Fwp%2Fv2%2Fmedia&parent=8324"}],"curies":[{"name":"wp","href":"https:\/\/api.w.org\/{rel}","templated":true}]}}